{"id":1265,"date":"2023-02-06T15:08:27","date_gmt":"2023-02-06T15:08:27","guid":{"rendered":"https:\/\/forestaldiazcasariego.es\/?page_id=1265"},"modified":"2025-05-27T10:18:21","modified_gmt":"2025-05-27T10:18:21","slug":"our-story","status":"publish","type":"page","link":"https:\/\/forestaldiazcasariego.es\/?page_id=1265","title":{"rendered":"certificacion"},"content":{"rendered":"\t\t<div data-elementor-type=\"wp-page\" data-elementor-id=\"1265\" class=\"elementor elementor-1265\">\n\t\t\t\t\t\t<section class=\"elementor-section elementor-top-section elementor-element elementor-element-1bad28a1 elementor-section-full_width elementor-section-content-middle elementor-reverse-mobile elementor-section-height-min-height elementor-section-items-stretch elementor-section-height-default\" data-id=\"1bad28a1\" data-element_type=\"section\" data-e-type=\"section\">\n\t\t\t\t\t\t<div class=\"elementor-container elementor-column-gap-no\">\n\t\t\t\t\t<div class=\"elementor-column elementor-col-100 elementor-top-column elementor-element elementor-element-49189231\" data-id=\"49189231\" data-element_type=\"column\" data-e-type=\"column\" data-settings=\"{&quot;background_background&quot;:&quot;classic&quot;}\">\n\t\t\t<div class=\"elementor-widget-wrap elementor-element-populated\">\n\t\t\t\t\t\t<div class=\"elementor-element elementor-element-d2b127a elementor-widget elementor-widget-heading\" data-id=\"d2b127a\" data-element_type=\"widget\" data-e-type=\"widget\" data-widget_type=\"heading.default\">\n\t\t\t\t<div class=\"elementor-widget-container\">\n\t\t\t\t\t<h6 class=\"elementor-heading-title elementor-size-default\">DESARROLLO SOSTENIBLE <\/h6>\t\t\t\t<\/div>\n\t\t\t\t<\/div>\n\t\t\t\t<div class=\"elementor-element elementor-element-6e51f598 elementor-invisible elementor-widget elementor-widget-heading\" data-id=\"6e51f598\" data-element_type=\"widget\" data-e-type=\"widget\" data-settings=\"{&quot;_animation&quot;:&quot;fadeIn&quot;}\" data-widget_type=\"heading.default\">\n\t\t\t\t<div class=\"elementor-widget-container\">\n\t\t\t\t\t<h2 class=\"elementor-heading-title elementor-size-default\">MADERA CERTIFICADA<\/h2>\t\t\t\t<\/div>\n\t\t\t\t<\/div>\n\t\t\t\t<div class=\"elementor-element elementor-element-f9b6ee9 elementor-widget elementor-widget-text-editor\" data-id=\"f9b6ee9\" data-element_type=\"widget\" data-e-type=\"widget\" data-widget_type=\"text-editor.default\">\n\t\t\t\t<div class=\"elementor-widget-container\">\n\t\t\t\t\t\t\t\t\t<p style=\"text-align: center;\">Las buenas pr\u00e1cticas forestales son una herramienta clave para la gesti\u00f3n sostenible de los recursos forestales. Estas pr\u00e1cticas, basadas en la conservaci\u00f3n y el uso equilibrado de los bosques, son esenciales para garantizar la salud y la productividad de los ecosistemas forestales a largo plazo.<\/p>\t\t\t\t\t\t\t\t<\/div>\n\t\t\t\t<\/div>\n\t\t\t\t\t<\/div>\n\t\t<\/div>\n\t\t\t\t\t<\/div>\n\t\t<\/section>\n\t\t\t\t<section class=\"elementor-section elementor-top-section elementor-element elementor-element-1843e4df elementor-section-full_width elementor-section-content-middle elementor-section-height-min-height elementor-section-items-stretch elementor-section-height-default\" data-id=\"1843e4df\" data-element_type=\"section\" data-e-type=\"section\">\n\t\t\t\t\t\t<div class=\"elementor-container elementor-column-gap-no\">\n\t\t\t\t\t<div class=\"elementor-column elementor-col-50 elementor-top-column elementor-element elementor-element-1eb2f584\" data-id=\"1eb2f584\" data-element_type=\"column\" data-e-type=\"column\">\n\t\t\t<div class=\"elementor-widget-wrap elementor-element-populated\">\n\t\t\t\t\t\t<div class=\"elementor-element elementor-element-54af70a elementor-widget elementor-widget-image\" data-id=\"54af70a\" data-element_type=\"widget\" data-e-type=\"widget\" data-widget_type=\"image.default\">\n\t\t\t\t<div class=\"elementor-widget-container\">\n\t\t\t\t\t\t\t\t\t\t\t\t\t\t\t<img fetchpriority=\"high\" decoding=\"async\" width=\"1024\" height=\"736\" src=\"https:\/\/forestaldiazcasariego.es\/wp-content\/uploads\/2025\/05\/LOGOS-CERTIFICACION-1-1024x736.png\" class=\"attachment-large size-large wp-image-1716\" alt=\"\" srcset=\"https:\/\/forestaldiazcasariego.es\/wp-content\/uploads\/2025\/05\/LOGOS-CERTIFICACION-1-1024x736.png 1024w, https:\/\/forestaldiazcasariego.es\/wp-content\/uploads\/2025\/05\/LOGOS-CERTIFICACION-1-300x216.png 300w, https:\/\/forestaldiazcasariego.es\/wp-content\/uploads\/2025\/05\/LOGOS-CERTIFICACION-1-768x552.png 768w, https:\/\/forestaldiazcasariego.es\/wp-content\/uploads\/2025\/05\/LOGOS-CERTIFICACION-1-1536x1104.png 1536w, https:\/\/forestaldiazcasariego.es\/wp-content\/uploads\/2025\/05\/LOGOS-CERTIFICACION-1.png 1660w\" sizes=\"(max-width: 1024px) 100vw, 1024px\" \/>\t\t\t\t\t\t\t\t\t\t\t\t\t\t\t<\/div>\n\t\t\t\t<\/div>\n\t\t\t\t\t<\/div>\n\t\t<\/div>\n\t\t\t\t<div class=\"elementor-column elementor-col-50 elementor-top-column elementor-element elementor-element-33a1adb9\" data-id=\"33a1adb9\" data-element_type=\"column\" data-e-type=\"column\" data-settings=\"{&quot;background_background&quot;:&quot;classic&quot;}\">\n\t\t\t<div class=\"elementor-widget-wrap elementor-element-populated\">\n\t\t\t\t\t\t<div class=\"elementor-element elementor-element-2498c247 elementor-widget elementor-widget-heading\" data-id=\"2498c247\" data-element_type=\"widget\" data-e-type=\"widget\" data-widget_type=\"heading.default\">\n\t\t\t\t<div class=\"elementor-widget-container\">\n\t\t\t\t\t<h2 class=\"elementor-heading-title elementor-size-default\">CERITIFICADOS <br>PROPIOS<\/h2>\t\t\t\t<\/div>\n\t\t\t\t<\/div>\n\t\t\t\t<div class=\"elementor-element elementor-element-31708b4e elementor-widget elementor-widget-text-editor\" data-id=\"31708b4e\" data-element_type=\"widget\" data-e-type=\"widget\" data-widget_type=\"text-editor.default\">\n\t\t\t\t<div class=\"elementor-widget-container\">\n\t\t\t\t\t\t\t\t\t<p>En Forestal Diaz Casariego te acompa\u00f1amos en el proceso\u00a0 y tramitamos por ti todo lo necesario para realizar la certificaci\u00f3n de tus montes y poder realizar una mejor venta a trav\u00e9s de la gesti\u00f3n forestal sostenible.<\/p>\t\t\t\t\t\t\t\t<\/div>\n\t\t\t\t<\/div>\n\t\t\t\t\t<\/div>\n\t\t<\/div>\n\t\t\t\t\t<\/div>\n\t\t<\/section>\n\t\t\t\t<section class=\"elementor-section elementor-top-section elementor-element elementor-element-3968454f elementor-section-height-full elementor-section-boxed elementor-section-height-default elementor-section-items-middle\" data-id=\"3968454f\" data-element_type=\"section\" data-e-type=\"section\">\n\t\t\t\t\t\t<div class=\"elementor-container elementor-column-gap-no\">\n\t\t\t\t\t<div class=\"elementor-column elementor-col-50 elementor-top-column elementor-element elementor-element-1997e699\" data-id=\"1997e699\" data-element_type=\"column\" data-e-type=\"column\">\n\t\t\t<div class=\"elementor-widget-wrap elementor-element-populated\">\n\t\t\t\t\t\t<div class=\"elementor-element elementor-element-39178621 elementor-widget elementor-widget-heading\" data-id=\"39178621\" data-element_type=\"widget\" data-e-type=\"widget\" data-widget_type=\"heading.default\">\n\t\t\t\t<div class=\"elementor-widget-container\">\n\t\t\t\t\t<h1 class=\"elementor-heading-title elementor-size-default\">\u00bfQue es la certificaci\u00f3n?<br><br><\/h1>\t\t\t\t<\/div>\n\t\t\t\t<\/div>\n\t\t\t\t<div class=\"elementor-element elementor-element-bd3663e elementor-widget elementor-widget-image\" data-id=\"bd3663e\" data-element_type=\"widget\" data-e-type=\"widget\" data-widget_type=\"image.default\">\n\t\t\t\t<div class=\"elementor-widget-container\">\n\t\t\t\t\t\t\t\t\t\t\t\t\t\t\t<img decoding=\"async\" width=\"540\" height=\"540\" src=\"https:\/\/forestaldiazcasariego.es\/wp-content\/uploads\/2023\/02\/sostenibilidad-ambiental.jpg\" class=\"attachment-large size-large wp-image-1642\" alt=\"\" srcset=\"https:\/\/forestaldiazcasariego.es\/wp-content\/uploads\/2023\/02\/sostenibilidad-ambiental.jpg 540w, https:\/\/forestaldiazcasariego.es\/wp-content\/uploads\/2023\/02\/sostenibilidad-ambiental-300x300.jpg 300w, https:\/\/forestaldiazcasariego.es\/wp-content\/uploads\/2023\/02\/sostenibilidad-ambiental-150x150.jpg 150w\" sizes=\"(max-width: 540px) 100vw, 540px\" \/>\t\t\t\t\t\t\t\t\t\t\t\t\t\t\t<\/div>\n\t\t\t\t<\/div>\n\t\t\t\t\t<\/div>\n\t\t<\/div>\n\t\t\t\t<div class=\"elementor-column elementor-col-50 elementor-top-column elementor-element elementor-element-b592404\" data-id=\"b592404\" data-element_type=\"column\" data-e-type=\"column\">\n\t\t\t<div class=\"elementor-widget-wrap elementor-element-populated\">\n\t\t\t\t\t\t<div class=\"elementor-element elementor-element-b112315 elementor-widget elementor-widget-heading\" data-id=\"b112315\" data-element_type=\"widget\" data-e-type=\"widget\" data-widget_type=\"heading.default\">\n\t\t\t\t<div class=\"elementor-widget-container\">\n\t\t\t\t\t<h2 class=\"elementor-heading-title elementor-size-default\">La madera certificada es un tipo de madera que se produce y se maneja de manera sostenible y responsable, y que cumple con est\u00e1ndares medioambientales y sociales rigurosos. El objetivo de la certificaci\u00f3n de madera es garantizar que la producci\u00f3n y el uso de la madera no da\u00f1e los ecosistemas forestales ni afecte a las comunidades locales.<br>\n\nHay varias organizaciones que ofrecen certificaci\u00f3n de madera, como el Forest Stewardship Council (FSC), el Programme for the Endorsement of Forest Certification (PEFC) y la Sustainable Forestry Initiative (SFI). Cada una de estas organizaciones tiene sus propios est\u00e1ndares y requisitos, pero todas ellas se enfocan en la sostenibilidad ambiental, la gesti\u00f3n forestal responsable y la protecci\u00f3n de los derechos humanos y las comunidades locales.\n<br>\nLa certificaci\u00f3n de madera es un proceso riguroso que incluye una evaluaci\u00f3n exhaustiva de las pr\u00e1cticas forestales y de manejo de la madera, y un seguimiento continuo para asegurarse de que se cumplan los est\u00e1ndares. Adem\u00e1s, la certificaci\u00f3n tambi\u00e9n asegura que la madera se rastree desde su origen hasta su destino final para garantizar su autenticidad.<br>\n\nEl uso de madera certificada es una forma de apoyar pr\u00e1cticas forestales responsables y sostenibles, y de promover la conservaci\u00f3n de los bosques y la protecci\u00f3n de las comunidades locales. Adem\u00e1s, la madera certificada tambi\u00e9n puede ser una opci\u00f3n m\u00e1s sostenible para los consumidores y las empresas, ya que puede provenir de bosques gestionados de manera responsable y puede tener un impacto ambiental y social positivo.<br>\n\nEn resumen, la madera certificada es una opci\u00f3n sostenible y responsable que cumple con est\u00e1ndares medioambientales y sociales rigurosos. Es una forma de apoyar pr\u00e1cticas forestales responsables y promover la conservaci\u00f3n de los bosques y la protecci\u00f3n de las comunidades locales, y puede ser una opci\u00f3n m\u00e1s sostenible para los consumidores y las empresas.<br>\n<\/h2>\t\t\t\t<\/div>\n\t\t\t\t<\/div>\n\t\t\t\t\t<\/div>\n\t\t<\/div>\n\t\t\t\t\t<\/div>\n\t\t<\/section>\n\t\t\t\t<section class=\"elementor-section elementor-top-section elementor-element elementor-element-700fd1f elementor-section-height-min-height elementor-section-boxed elementor-section-height-default elementor-section-items-middle\" data-id=\"700fd1f\" data-element_type=\"section\" data-e-type=\"section\" data-settings=\"{&quot;background_background&quot;:&quot;classic&quot;}\">\n\t\t\t\t\t\t\t<div class=\"elementor-background-overlay\"><\/div>\n\t\t\t\t\t\t\t<div class=\"elementor-container elementor-column-gap-no\">\n\t\t\t\t\t<div class=\"elementor-column elementor-col-100 elementor-top-column elementor-element elementor-element-8d79745\" data-id=\"8d79745\" data-element_type=\"column\" data-e-type=\"column\">\n\t\t\t<div class=\"elementor-widget-wrap elementor-element-populated\">\n\t\t\t\t\t\t<div class=\"elementor-element elementor-element-2bcf488d elementor-invisible elementor-widget elementor-widget-heading\" data-id=\"2bcf488d\" data-element_type=\"widget\" data-e-type=\"widget\" data-settings=\"{&quot;_animation&quot;:&quot;fadeIn&quot;}\" data-widget_type=\"heading.default\">\n\t\t\t\t<div class=\"elementor-widget-container\">\n\t\t\t\t\t<h2 class=\"elementor-heading-title elementor-size-default\">Te ayudamos a decidir<\/h2>\t\t\t\t<\/div>\n\t\t\t\t<\/div>\n\t\t\t\t<div class=\"elementor-element elementor-element-11899718 elementor-invisible elementor-widget elementor-widget-text-editor\" data-id=\"11899718\" data-element_type=\"widget\" data-e-type=\"widget\" data-settings=\"{&quot;_animation&quot;:&quot;fadeIn&quot;}\" data-widget_type=\"text-editor.default\">\n\t\t\t\t<div class=\"elementor-widget-container\">\n\t\t\t\t\t\t\t\t\t<p>Con nuestras experiencias previas te podemos asesorar en que especies plantar en tu monte y que seguimiento hacer a la plantaci\u00f3n.<\/p>\t\t\t\t\t\t\t\t<\/div>\n\t\t\t\t<\/div>\n\t\t\t\t<div class=\"elementor-element elementor-element-44838057 elementor-align-right elementor-mobile-align-center elementor-tablet-align-center elementor-invisible elementor-widget elementor-widget-button\" data-id=\"44838057\" data-element_type=\"widget\" data-e-type=\"widget\" data-settings=\"{&quot;_animation&quot;:&quot;fadeIn&quot;,&quot;_animation_delay&quot;:400}\" data-widget_type=\"button.default\">\n\t\t\t\t<div class=\"elementor-widget-container\">\n\t\t\t\t\t\t\t\t\t<div class=\"elementor-button-wrapper\">\n\t\t\t\t\t<a class=\"elementor-button elementor-button-link elementor-size-sm\" href=\"https:\/\/forestaldiazcasariego.es\/?page_id=1249\">\n\t\t\t\t\t\t<span class=\"elementor-button-content-wrapper\">\n\t\t\t\t\t\t\t\t\t<span class=\"elementor-button-text\">Ll\u00e1manos<\/span>\n\t\t\t\t\t<\/span>\n\t\t\t\t\t<\/a>\n\t\t\t\t<\/div>\n\t\t\t\t\t\t\t\t<\/div>\n\t\t\t\t<\/div>\n\t\t\t\t\t<\/div>\n\t\t<\/div>\n\t\t\t\t\t<\/div>\n\t\t<\/section>\n\t\t\t\t<section class=\"elementor-section elementor-top-section elementor-element elementor-element-5a2b153 elementor-section-boxed elementor-section-height-default elementor-section-height-default\" data-id=\"5a2b153\" data-element_type=\"section\" data-e-type=\"section\">\n\t\t\t\t\t\t<div class=\"elementor-container elementor-column-gap-default\">\n\t\t\t\t\t<div class=\"elementor-column elementor-col-100 elementor-top-column elementor-element elementor-element-16e94f4\" data-id=\"16e94f4\" data-element_type=\"column\" data-e-type=\"column\">\n\t\t\t<div class=\"elementor-widget-wrap\">\n\t\t\t\t\t\t\t<\/div>\n\t\t<\/div>\n\t\t\t\t\t<\/div>\n\t\t<\/section>\n\t\t\t\t<\/div>\n\t\t","protected":false},"excerpt":{"rendered":"<p>DESARROLLO SOSTENIBLE MADERA CERTIFICADA Las buenas pr\u00e1cticas forestales son una herramienta clave para la gesti\u00f3n sostenible de los recursos forestales. Estas pr\u00e1cticas, basadas en la conservaci\u00f3n y el uso equilibrado de los bosques, son esenciales para garantizar la salud y la productividad de los ecosistemas forestales a largo plazo. CERITIFICADOS PROPIOS En Forestal Diaz Casariego [&hellip;]<\/p>\n","protected":false},"author":1,"featured_media":0,"parent":0,"menu_order":0,"comment_status":"closed","ping_status":"closed","template":"elementor_header_footer","meta":{"om_disable_all_campaigns":false,"_monsterinsights_skip_tracking":false,"_monsterinsights_sitenote_active":false,"_monsterinsights_sitenote_note":"","_monsterinsights_sitenote_category":0,"site-sidebar-layout":"default","site-content-layout":"","ast-site-content-layout":"default","site-content-style":"default","site-sidebar-style":"default","ast-global-header-display":"","ast-banner-title-visibility":"","ast-main-header-display":"","ast-hfb-above-header-display":"","ast-hfb-below-header-display":"","ast-hfb-mobile-header-display":"","site-post-title":"","ast-breadcrumbs-content":"","ast-featured-img":"","footer-sml-layout":"","ast-disable-related-posts":"","theme-transparent-header-meta":"","adv-header-id-meta":"","stick-header-meta":"","header-above-stick-meta":"","header-main-stick-meta":"","header-below-stick-meta":"","astra-migrate-meta-layouts":"default","ast-page-background-enabled":"default","ast-page-background-meta":{"desktop":{"background-color":"","background-image":"","background-repeat":"repeat","background-position":"center center","background-size":"auto","background-attachment":"scroll","background-type":"","background-media":"","overlay-type":"","overlay-color":"","overlay-opacity":"","overlay-gradient":""},"tablet":{"background-color":"","background-image":"","background-repeat":"repeat","background-position":"center center","background-size":"auto","background-attachment":"scroll","background-type":"","background-media":"","overlay-type":"","overlay-color":"","overlay-opacity":"","overlay-gradient":""},"mobile":{"background-color":"","background-image":"","background-repeat":"repeat","background-position":"center center","background-size":"auto","background-attachment":"scroll","background-type":"","background-media":"","overlay-type":"","overlay-color":"","overlay-opacity":"","overlay-gradient":""}},"ast-content-background-meta":{"desktop":{"background-color":"var(--ast-global-color-5)","background-image":"","background-repeat":"repeat","background-position":"center center","background-size":"auto","background-attachment":"scroll","background-type":"","background-media":"","overlay-type":"","overlay-color":"","overlay-opacity":"","overlay-gradient":""},"tablet":{"background-color":"var(--ast-global-color-5)","background-image":"","background-repeat":"repeat","background-position":"center center","background-size":"auto","background-attachment":"scroll","background-type":"","background-media":"","overlay-type":"","overlay-color":"","overlay-opacity":"","overlay-gradient":""},"mobile":{"background-color":"var(--ast-global-color-5)","background-image":"","background-repeat":"repeat","background-position":"center center","background-size":"auto","background-attachment":"scroll","background-type":"","background-media":"","overlay-type":"","overlay-color":"","overlay-opacity":"","overlay-gradient":""}},"footnotes":""},"class_list":["post-1265","page","type-page","status-publish","hentry"],"aioseo_notices":[],"_links":{"self":[{"href":"https:\/\/forestaldiazcasariego.es\/index.php?rest_route=\/wp\/v2\/pages\/1265","targetHints":{"allow":["GET"]}}],"collection":[{"href":"https:\/\/forestaldiazcasariego.es\/index.php?rest_route=\/wp\/v2\/pages"}],"about":[{"href":"https:\/\/forestaldiazcasariego.es\/index.php?rest_route=\/wp\/v2\/types\/page"}],"author":[{"embeddable":true,"href":"https:\/\/forestaldiazcasariego.es\/index.php?rest_route=\/wp\/v2\/users\/1"}],"replies":[{"embeddable":true,"href":"https:\/\/forestaldiazcasariego.es\/index.php?rest_route=%2Fwp%2Fv2%2Fcomments&post=1265"}],"version-history":[{"count":54,"href":"https:\/\/forestaldiazcasariego.es\/index.php?rest_route=\/wp\/v2\/pages\/1265\/revisions"}],"predecessor-version":[{"id":1725,"href":"https:\/\/forestaldiazcasariego.es\/index.php?rest_route=\/wp\/v2\/pages\/1265\/revisions\/1725"}],"wp:attachment":[{"href":"https:\/\/forestaldiazcasariego.es\/index.php?rest_route=%2Fwp%2Fv2%2Fmedia&parent=1265"}],"curies":[{"name":"wp","href":"https:\/\/api.w.org\/{rel}","templated":true}]}}